{"id":535,"date":"2025-03-06T18:47:14","date_gmt":"2025-03-06T18:47:14","guid":{"rendered":"https:\/\/sfera.neonized.es\/?page_id=535"},"modified":"2025-03-06T18:56:01","modified_gmt":"2025-03-06T18:56:01","slug":"cookies-policy","status":"publish","type":"page","link":"https:\/\/sferanook.com\/es\/cookies-policy\/","title":{"rendered":"Cookies Policy"},"content":{"rendered":"<div data-elementor-type=\"wp-page\" data-elementor-id=\"535\" class=\"elementor elementor-535\">\n\t\t\t\t<div class=\"elementor-element elementor-element-5ed1a5a5 e-flex e-con-boxed e-con e-parent\" data-id=\"5ed1a5a5\" data-element_type=\"container\">\n\t\t\t\t\t<div class=\"e-con-inner\">\n\t\t\t\t<div class=\"elementor-element elementor-element-31cdbefa elementor-widget elementor-widget-text-editor\" data-id=\"31cdbefa\" data-element_type=\"widget\" data-widget_type=\"text-editor.default\">\n\t\t\t\t<div class=\"elementor-widget-container\">\n\t\t\t\t\t\t\t\t\t<div class=\"row\">\n    <div class=\"col-xl-10 mx-auto\">\n        <div class=\"paper\">\n            <header class=\"text-center\">\n                <h2 class=\"m-auto\">COOKIES POLICY<\/h2>\n                <h4><span class=\"blanc-space ng-binding\">sferanook.com<\/span><\/h4>\n            <\/header>\n            <div>\n                <p>Access to this Website may involve the use of cookies. Cookies are small amounts of information that are stored in the browser used by each User \u2014on the various devices they may use to browse\u2014 so that the server remembers certain information that later and only the server that implemented it will read. Cookies facilitate browsing, make it more user-friendly, and do not damage the browsing device.<\/p>\n                <p>Cookies are automatic procedures for collecting information relating to the preferences determined by the User during their visit to the Website in order to recognize them as a User, and personalize their experience and use of the Website, and may also, for example, help identify and resolve errors.<\/p>\n                <p>The information collected through cookies may include the date and time of visits to the Website, the pages viewed, the time spent on the Website, and the sites visited just before and after it. However, no cookie allows the same to be contacted with the User&#8217;s telephone number or any other means of personal contact. No cookie can extract information from the User&#8217;s hard drive or steal personal information. The only way for the User&#8217;s private information to be part of the Cookie file is for the user to personally give that information to the server.<\/p>\n                <p>Cookies that allow a person to be identified are considered personal data. Therefore, the Privacy Policy described above will apply to them. In this sense, the User&#8217;s consent will be necessary for their use. This consent will be communicated, based on a genuine choice, offered through an affirmative and positive decision, before the initial processing, removable and documented.<\/p>\n\n                <div ng-show=\"hasPersonalCookies == 'S\u00ed'\" class=\"ng-hide\">\n                    <h4>First-Party Cookies<\/h4>\n                    <p>These are cookies that are sent to the User&#8217;s computer or device and managed exclusively by <span class=\"blanc-space ng-binding\">Sfera Nook<\/span> for the better functioning of the Website. The information collected is used to improve the quality of the Website and its Content and your experience as a User. These cookies allow the User to be recognized as a returning visitor to the Website and to adapt the content to offer them content that fits their preferences.<\/p>\n                <\/div>\n\n                <div class=\"thirdCookies\" ng-show=\"hasThirdCookies == 'S\u00ed'\">\n                    <h4>Third-Party Cookies<\/h4>\n                    <p>These are cookies used and managed by external entities that provide <span class=\"blanc-space ng-binding\">Sfera Nook<\/span> with services requested by it to improve the Website and the user experience when browsing the Website. The main objectives for which third-party cookies are used are to obtain access statistics and analyze browsing information, that is, how the User interacts with the Website.<\/p>\n                    <p>The information obtained refers, for example, to the number of pages visited, the language, the place to which the IP address from which the User accesses, the number of Users who access, the frequency and recurrence of visits, the visit time, the browser they use, the operator or type of device from which the visit is made. This information is used to improve the Website, and detect new needs to offer Users content and\/or service of optimal quality. In any case, the information is collected anonymously and reports of Website trends are prepared without identifying individual users.<\/p>\n                    <p>You can get more information about cookies, privacy information, or consult the description of the type of cookies used, their main characteristics, expiration period, etc. in the following link(s):<\/p>\n                    <pre><span class=\"blanc-space\"><p class=\"text-wrap ng-binding\">Google Analytics<\/p><\/span><\/pre>\n                    <p>The entity(ies) responsible for the supply of cookies may transfer this information to third parties, provided that it is required by law or a third party processes this information for said entities.<\/p>\n                <\/div>\n\n                <div ng-show=\"hasSocial == 'S\u00ed'\" class=\"ng-hide\">\n                    <h4>Social Media Cookies<\/h4>\n                    <p><span class=\"blanc-space ng-binding\">Sfera Nook<\/span> incorporates social media plugins, which allow access to them from the Website. For this reason, social media cookies may be stored in the User&#8217;s browser. The owners of these social media sites have their own data protection and cookie policies, being themselves, in each case, responsible for their own files and their own privacy practices. The User should refer to them to find out about these cookies and, where appropriate, the processing of their personal data. For informational purposes only, the links where these privacy and\/or cookie policies can be consulted are indicated below:<\/p>\n                    <ul>\n                        <li>Facebook: <a class=\"text-info\" href=\"https:\/\/www.facebook.com\/policies\/cookies\/\">https:\/\/www.facebook.com\/policies\/cookies\/<\/a><\/li>\n                        <li>Twitter: <a class=\"text-info\" href=\"https:\/\/twitter.com\/en\/privacy\">https:\/\/twitter.com\/en\/privacy<\/a><\/li>\n                        <li>Instagram: <a class=\"text-info\" href=\"https:\/\/help.instagram.com\/1896641480634370?ref=ig\">https:\/\/help.instagram.com\/1896641480634370?ref=ig<\/a><\/li>\n                        <li>YouTube: <a class=\"text-info\" href=\"https:\/\/policies.google.com\/privacy\">https:\/\/policies.google.com\/privacy<\/a><\/li>\n                        <li>Pinterest: <a class=\"text-info\" href=\"https:\/\/policy.pinterest.com\/en\/privacy-policy\">https:\/\/policy.pinterest.com\/en\/privacy-policy<\/a><\/li>\n                        <li>LinkedIn: <a class=\"text-info\" href=\"https:\/\/www.linkedin.com\/legal\/cookie-policy\">https:\/\/www.linkedin.com\/legal\/cookie-policy<\/a><\/li>\n                    <\/ul>\n                <\/div>\n\n                <h4>Disable, Reject, and Delete Cookies<\/h4>\n                <p>The User can disable, reject, and delete cookies \u2014totally or partially\u2014 installed on their device by configuring their browser (among which are, for example, Chrome, Firefox, Safari, Explorer). In this sense, the procedures for rejecting and deleting cookies may differ from one Internet browser to another. Consequently, the User must refer to the instructions provided by the Internet browser they are using. In the event that you reject the use of cookies \u2014totally or partially\u2014 you may continue to use the Website, although the use of some of its features may be limited.<\/p>\n\n                <p>This Cookies Policy document has been created using the <a class=\"text-body text-decoration-none\" href=\"https:\/\/textos-legales.edgartamarit.com\/\">free online website cookie policy template generator<\/a> on 06\/03\/2025.<\/p>\n            <\/div>\n        <\/div>\n    <\/div>\n<\/div>\t\t\t\t\t\t\t\t<\/div>\n\t\t\t\t<\/div>\n\t\t\t\t\t<\/div>\n\t\t\t\t<\/div>\n\t\t<div class=\"elementor-element elementor-element-0c27374 elementor-hidden-desktop elementor-hidden-tablet elementor-hidden-mobile e-flex e-con-boxed e-con e-parent\" data-id=\"0c27374\" data-element_type=\"container\">\n\t\t\t\t\t<div class=\"e-con-inner\">\n\t\t\t\t<div class=\"elementor-element elementor-element-365b2c1 elementor-widget elementor-widget-text-editor\" data-id=\"365b2c1\" data-element_type=\"widget\" data-widget_type=\"text-editor.default\">\n\t\t\t\t<div class=\"elementor-widget-container\">\n\t\t\t\t\t\t\t\t\t\n<div class=\"row\">\n<div class=\"col-xl-10 mx-auto\">\n<div class=\"paper\"><header class=\"text-center\">\n<h2 class=\"m-auto wp-block-heading\">POL\u00cdTICA DE COOKIES<\/h2>\n<h4><span class=\"blanc-space ng-binding\">sferanook.com<\/span><\/h4>\n<\/header>\n<div>\n<p>El acceso a este Sitio Web puede implicar la utilizaci\u00f3n de cookies. Las cookies son peque\u00f1as cantidades de informaci\u00f3n que se almacenan en el navegador utilizado por cada Usuario \u2014en los distintos dispositivos que pueda utilizar para navegar\u2014 para que el servidor recuerde cierta informaci\u00f3n que posteriormente y \u00fanicamente el servidor que la implement\u00f3 leer\u00e1. Las cookies facilitan la navegaci\u00f3n, la hacen m\u00e1s amigable, y no da\u00f1an el dispositivo de navegaci\u00f3n.<\/p>\n<p>Las cookies son procedimientos autom\u00e1ticos de recogida de informaci\u00f3n relativa a las preferencias determinadas por el Usuario durante su visita al Sitio Web con el fin de reconocerlo como Usuario, y personalizar su experiencia y el uso del Sitio Web, y pueden tambi\u00e9n, por ejemplo, ayudar a identificar y resolver errores.<\/p>\n<p>La informaci\u00f3n recabada a trav\u00e9s de las cookies puede incluir la fecha y hora de visitas al Sitio Web, las p\u00e1ginas visionadas, el tiempo que ha estado en el Sitio Web y los sitios visitados justo antes y despu\u00e9s del mismo. Sin embargo, ninguna cookie permite que esta misma pueda contactarse con el n\u00famero de tel\u00e9fono del Usuario o con cualquier otro medio de contacto personal. Ninguna cookie puede extraer informaci\u00f3n del disco duro del Usuario o robar informaci\u00f3n personal. La \u00fanica manera de que la informaci\u00f3n privada del Usuario forme parte del archivo Cookie es que el usuario d\u00e9 personalmente esa informaci\u00f3n al servidor.<\/p>\n<p>Las cookies que permiten identificar a una persona se consideran datos personales. Por tanto, a las mismas les ser\u00e1 de aplicaci\u00f3n la Pol\u00edtica de Privacidad anteriormente descrita. En este sentido, para la utilizaci\u00f3n de las mismas ser\u00e1 necesario el consentimiento del Usuario. Este consentimiento ser\u00e1 comunicado, en base a una elecci\u00f3n aut\u00e9ntica, ofrecido mediante una decisi\u00f3n afirmativa y positiva, antes del tratamiento inicial, removible y documentado.<\/p>\n<div class=\"ng-hide\">\n<h4>Cookies propias<\/h4>\n<p>Son aquellas cookies que son enviadas al ordenador o dispositivo del Usuario y gestionadas exclusivamente por <span class=\"blanc-space ng-binding\">Sfera Nook<\/span> para el mejor funcionamiento del Sitio Web. La informaci\u00f3n que se recaba se emplea para mejorar la calidad del Sitio Web y su Contenido y su experiencia como Usuario. Estas cookies permiten reconocer al Usuario como visitante recurrente del Sitio Web y adaptar el contenido para ofrecerle contenidos que se ajusten a sus preferencias.<\/p>\n<\/div>\n<div class=\"thirdCookies\">\n<h4>Cookies de terceros<\/h4>\n<p>Son cookies utilizadas y gestionadas por entidades externas que proporcionan a <span class=\"blanc-space ng-binding\">Sfera Nook<\/span> servicios solicitados por este mismo para mejorar el Sitio Web y la experiencia del usuario al navegar en el Sitio Web. Los principales objetivos para los que se utilizan cookies de terceros son la obtenci\u00f3n de estad\u00edsticas de accesos y analizar la informaci\u00f3n de la navegaci\u00f3n, es decir, c\u00f3mo interact\u00faa el Usuario con el Sitio Web.<\/p>\n<p>La informaci\u00f3n que se obtiene se refiere, por ejemplo, al n\u00famero de p\u00e1ginas visitadas, el idioma, el lugar a la que la direcci\u00f3n IP desde el que accede el Usuario, el n\u00famero de Usuarios que acceden, la frecuencia y reincidencia de las visitas, el tiempo de visita, el navegador que usan, el operador o tipo de dispositivo desde el que se realiza la visita. Esta informaci\u00f3n se utiliza para mejorar el Sitio Web, y detectar nuevas necesidades para ofrecer a los Usuarios un Contenido y\/o servicio de \u00f3ptima calidad. En todo caso, la informaci\u00f3n se recopila de forma an\u00f3nima y se elaboran informes de tendencias del Sitio Web sin identificar a usuarios individuales.<\/p>\n<p>Puede obtener m\u00e1s informaci\u00f3n sobre las cookies, la informaci\u00f3n sobre la privacidad, o consultar la descripci\u00f3n del tipo de cookies que se utiliza, sus principales caracter\u00edsticas, periodo de expiraci\u00f3n, etc. en el siguiente(s) enlace(s):<\/p>\n<p class=\"text-wrap ng-binding\">Google Analytics<\/p>\n<p>La(s) entidad(es) encargada(s) del suministro de cookies podr\u00e1(n) ceder esta informaci\u00f3n a terceros, siempre y cuando lo exija la ley o sea un tercero el que procese esta informaci\u00f3n para dichas entidades.<\/p>\n<\/div>\n<div class=\"ng-hide\">\n<h4>Cookies de redes sociales<\/h4>\n<p><span class=\"blanc-space ng-binding\">Sfera Nook<\/span> incorpora plugins de redes sociales, que permiten acceder a las mismas a partir del Sitio Web. Por esta raz\u00f3n, las cookies de redes sociales pueden almacenarse en el navegador del Usuario. Los titulares de dichas redes sociales disponen de sus propias pol\u00edticas de protecci\u00f3n de datos y de cookies, siendo ellos mismos, en cada caso, responsables de sus propios ficheros y de sus propias pr\u00e1cticas de privacidad. El Usuario debe referirse a las mismas para informarse acerca de dichas cookies y, en su caso, del tratamiento de sus datos personales. \u00danicamente a t\u00edtulo informativo se indican a continuaci\u00f3n los enlaces en los que se pueden consultar dichas pol\u00edticas de privacidad y\/o de cookies:<\/p>\n<ul>\n<li>Facebook: <a class=\"text-info\" href=\"https:\/\/www.facebook.com\/policies\/cookies\/\">https:\/\/www.facebook.com\/policies\/cookies\/<\/a><\/li>\n<li>Twitter: <a class=\"text-info\" href=\"https:\/\/twitter.com\/es\/privacy\">https:\/\/twitter.com\/es\/privacy<\/a><\/li>\n<li>Instagram: <a class=\"text-info\" href=\"https:\/\/help.instagram.com\/1896641480634370?ref=ig\">https:\/\/help.instagram.com\/1896641480634370?ref=ig<\/a><\/li>\n<li>YouTube: <a class=\"text-info\" href=\"https:\/\/policies.google.com\/privacy?hl=es-419&amp;gl=mx\">https:\/\/policies.google.com\/privacy?hl=es-419&amp;gl=mx<\/a><\/li>\n<li>Pinterest: <a class=\"text-info\" href=\"https:\/\/policy.pinterest.com\/es\/privacy-policy\">https:\/\/policy.pinterest.com\/es\/privacy-policy<\/a><\/li>\n<li>LinkedIn: <a class=\"text-info\" href=\"https:\/\/www.linkedin.com\/legal\/cookie-policy?trk=hp-cookies\">https:\/\/www.linkedin.com\/legal\/cookie-policy?trk=hp-cookies<\/a><\/li>\n<\/ul>\n<\/div>\n<h4>Deshabilitar, rechazar y eliminar cookies<\/h4>\n<p>El Usuario puede deshabilitar, rechazar y eliminar las cookies \u2014total o parcialmente\u2014 instaladas en su dispositivo mediante la configuraci\u00f3n de su navegador (entre los que se encuentran, por ejemplo, Chrome, Firefox, Safari, Explorer). En este sentido, los procedimientos para rechazar y eliminar las cookies pueden diferir de un navegador de Internet a otro. En consecuencia, el Usuario debe acudir a las instrucciones facilitadas por el propio navegador de Internet que est\u00e9 utilizando. En el supuesto de que rechace el uso de cookies \u2014total o parcialmente\u2014 podr\u00e1 seguir usando el Sitio Web, si bien podr\u00e1 tener limitada la utilizaci\u00f3n de algunas de las prestaciones del mismo.<\/p>\n<p>Este documento de Pol\u00edtica de Cookies ha sido creado mediante el generador de <a class=\"text-body text-decoration-none\" href=\"https:\/\/textos-legales.edgartamarit.com\/\">plantilla de pol\u00edtica de cookies web gratis<\/a> online el d\u00eda 06\/03\/2025.<\/p>\n<\/div>\n<\/div>\n<\/div>\n<\/div>\t\t\t\t\t\t\t\t<\/div>\n\t\t\t\t<\/div>\n\t\t\t\t\t<\/div>\n\t\t\t\t<\/div>\n\t\t\t\t<\/div>","protected":false},"excerpt":{"rendered":"<p>COOKIES POLICY sferanook.com Access to this Website may involve the use of cookies. Cookies are small amounts of information that [&hellip;]<\/p>","protected":false},"author":1,"featured_media":0,"parent":0,"menu_order":0,"comment_status":"closed","ping_status":"closed","template":"","meta":{"site-sidebar-layout":"default","site-content-layout":"","ast-site-content-layout":"default","site-content-style":"default","site-sidebar-style":"default","ast-global-header-display":"","ast-banner-title-visibility":"","ast-main-header-display":"","ast-hfb-above-header-display":"","ast-hfb-below-header-display":"","ast-hfb-mobile-header-display":"","site-post-title":"","ast-breadcrumbs-content":"","ast-featured-img":"","footer-sml-layout":"","theme-transparent-header-meta":"","adv-header-id-meta":"","stick-header-meta":"","header-above-stick-meta":"","header-main-stick-meta":"","header-below-stick-meta":"","astra-migrate-meta-layouts":"default","ast-page-background-enabled":"default","ast-page-background-meta":{"desktop":{"background-color":"var(--ast-global-color-5)","background-image":"","background-repeat":"repeat","background-position":"center center","background-size":"auto","background-attachment":"scroll","background-type":"","background-media":"","overlay-type":"","overlay-color":"","overlay-opacity":"","overlay-gradient":""},"tablet":{"background-color":"","background-image":"","background-repeat":"repeat","background-position":"center center","background-size":"auto","background-attachment":"scroll","background-type":"","background-media":"","overlay-type":"","overlay-color":"","overlay-opacity":"","overlay-gradient":""},"mobile":{"background-color":"","background-image":"","background-repeat":"repeat","background-position":"center center","background-size":"auto","background-attachment":"scroll","background-type":"","background-media":"","overlay-type":"","overlay-color":"","overlay-opacity":"","overlay-gradient":""}},"ast-content-background-meta":{"desktop":{"background-color":"var(--ast-global-color-4)","background-image":"","background-repeat":"repeat","background-position":"center center","background-size":"auto","background-attachment":"scroll","background-type":"","background-media":"","overlay-type":"","overlay-color":"","overlay-opacity":"","overlay-gradient":""},"tablet":{"background-color":"var(--ast-global-color-4)","background-image":"","background-repeat":"repeat","background-position":"center center","background-size":"auto","background-attachment":"scroll","background-type":"","background-media":"","overlay-type":"","overlay-color":"","overlay-opacity":"","overlay-gradient":""},"mobile":{"background-color":"var(--ast-global-color-4)","background-image":"","background-repeat":"repeat","background-position":"center center","background-size":"auto","background-attachment":"scroll","background-type":"","background-media":"","overlay-type":"","overlay-color":"","overlay-opacity":"","overlay-gradient":""}},"footnotes":""},"class_list":["post-535","page","type-page","status-publish","hentry"],"_links":{"self":[{"href":"https:\/\/sferanook.com\/es\/wp-json\/wp\/v2\/pages\/535","targetHints":{"allow":["GET"]}}],"collection":[{"href":"https:\/\/sferanook.com\/es\/wp-json\/wp\/v2\/pages"}],"about":[{"href":"https:\/\/sferanook.com\/es\/wp-json\/wp\/v2\/types\/page"}],"author":[{"embeddable":true,"href":"https:\/\/sferanook.com\/es\/wp-json\/wp\/v2\/users\/1"}],"replies":[{"embeddable":true,"href":"https:\/\/sferanook.com\/es\/wp-json\/wp\/v2\/comments?post=535"}],"version-history":[{"count":5,"href":"https:\/\/sferanook.com\/es\/wp-json\/wp\/v2\/pages\/535\/revisions"}],"predecessor-version":[{"id":554,"href":"https:\/\/sferanook.com\/es\/wp-json\/wp\/v2\/pages\/535\/revisions\/554"}],"wp:attachment":[{"href":"https:\/\/sferanook.com\/es\/wp-json\/wp\/v2\/media?parent=535"}],"curies":[{"name":"wp","href":"https:\/\/api.w.org\/{rel}","templated":true}]}}